{"id":309,"date":"2025-06-16T10:20:45","date_gmt":"2025-06-16T08:20:45","guid":{"rendered":"https:\/\/bolew.ski\/?page_id=309"},"modified":"2025-06-17T18:20:22","modified_gmt":"2025-06-17T16:20:22","slug":"nowa-strona-glowna","status":"publish","type":"page","link":"https:\/\/bolew.ski\/","title":{"rendered":"Nowa strona g\u0142\u00f3wna"},"content":{"rendered":"\t\t<div data-elementor-type=\"wp-page\" data-elementor-id=\"309\" class=\"elementor elementor-309\">\n\t\t\t\t\t\t<section class=\"elementor-section elementor-top-section elementor-element elementor-element-1906f5a elementor-section-full_width elementor-section-stretched elementor-section-height-default elementor-section-height-default\" data-id=\"1906f5a\" data-element_type=\"section\" data-settings=\"{&quot;stretch_section&quot;:&quot;section-stretched&quot;,&quot;background_background&quot;:&quot;gradient&quot;}\">\n\t\t\t\t\t\t<div class=\"elementor-container elementor-column-gap-default\">\n\t\t\t\t\t<div class=\"elementor-column elementor-col-50 elementor-top-column elementor-element elementor-element-b6b29ef\" data-id=\"b6b29ef\" data-element_type=\"column\">\n\t\t\t<div class=\"elementor-widget-wrap elementor-element-populated\">\n\t\t\t\t\t\t<div class=\"elementor-element elementor-element-fb890d7 elementor-widget elementor-widget-heading\" data-id=\"fb890d7\" data-element_type=\"widget\" data-widget_type=\"heading.default\">\n\t\t\t\t<div class=\"elementor-widget-container\">\n\t\t\t<h3 class=\"elementor-heading-title elementor-size-default\">Twoje IT w dobrych r\u0119kach. Porozmawiajmy!<\/h3>\t\t<\/div>\n\t\t\t\t<\/div>\n\t\t\t\t<div class=\"elementor-element elementor-element-4887321 elementor-widget elementor-widget-text-editor\" data-id=\"4887321\" data-element_type=\"widget\" data-widget_type=\"text-editor.default\">\n\t\t\t\t<div class=\"elementor-widget-container\">\n\t\t\t\t\t\t\t<p>Nie tra\u0107 czasu na szukanie informacji. M\u00f3j inteligentny asystent AI jest dost\u0119pny 24\/7, aby odpowiedzie\u0107 na Twoje pytania, przeprowadzi\u0107 wst\u0119pn\u0105 diagnoz\u0119 problemu, a nawet pom\u00f3c w um\u00f3wieniu wizyty technika. To nowoczesne rozwi\u0105zanie, kt\u00f3re pozwala mi reagowa\u0107 na Twoje potrzeby jeszcze szybciej.<\/p>\t\t\t\t\t\t<\/div>\n\t\t\t\t<\/div>\n\t\t\t\t<div class=\"elementor-element elementor-element-cef4ea6 elementor-widget elementor-widget-text-editor\" data-id=\"cef4ea6\" data-element_type=\"widget\" data-widget_type=\"text-editor.default\">\n\t\t\t\t<div class=\"elementor-widget-container\">\n\t\t\t\t\t\t\t<p>Zadaj mu pytanie obok lub, je\u015bli wolisz, przejrzyj moj\u0105 pe\u0142n\u0105 ofert\u0119, wybieraj\u0105c jedn\u0105 z poni\u017cszych kategorii.<\/p>\t\t\t\t\t\t<\/div>\n\t\t\t\t<\/div>\n\t\t\t\t<section class=\"elementor-section elementor-inner-section elementor-element elementor-element-42f1678 elementor-section-boxed elementor-section-height-default elementor-section-height-default\" data-id=\"42f1678\" data-element_type=\"section\">\n\t\t\t\t\t\t<div class=\"elementor-container elementor-column-gap-default\">\n\t\t\t\t\t<div class=\"elementor-column elementor-col-33 elementor-inner-column elementor-element elementor-element-0ee81a0\" data-id=\"0ee81a0\" data-element_type=\"column\">\n\t\t\t<div class=\"elementor-widget-wrap elementor-element-populated\">\n\t\t\t\t\t\t<div class=\"elementor-element elementor-element-7d177e6 elementor-position-top elementor-widget elementor-widget-image-box\" data-id=\"7d177e6\" data-element_type=\"widget\" data-widget_type=\"image-box.default\">\n\t\t\t\t<div class=\"elementor-widget-container\">\n\t\t\t<div class=\"elementor-image-box-wrapper\"><figure class=\"elementor-image-box-img\"><a href=\"https:\/\/bolew.ski\/?page_id=91\" tabindex=\"-1\"><img fetchpriority=\"high\" decoding=\"async\" width=\"300\" height=\"283\" src=\"https:\/\/bolew.ski\/wp-content\/uploads\/2025\/06\/pc-300x283.png\" class=\"attachment-medium size-medium wp-image-345\" alt=\"\" srcset=\"https:\/\/bolew.ski\/wp-content\/uploads\/2025\/06\/pc-300x283.png 300w, https:\/\/bolew.ski\/wp-content\/uploads\/2025\/06\/pc-155x146.png 155w, https:\/\/bolew.ski\/wp-content\/uploads\/2025\/06\/pc-50x47.png 50w, https:\/\/bolew.ski\/wp-content\/uploads\/2025\/06\/pc-79x75.png 79w, https:\/\/bolew.ski\/wp-content\/uploads\/2025\/06\/pc.png 683w\" sizes=\"(max-width: 300px) 100vw, 300px\" \/><\/a><\/figure><div class=\"elementor-image-box-content\"><h3 class=\"elementor-image-box-title\"><a href=\"https:\/\/bolew.ski\/?page_id=91\">Niezawodny Serwis IT<\/a><\/h3><p class=\"elementor-image-box-description\">Szybka diagnoza, skuteczna naprawa i modernizacja sprz\u0119tu, gdy tego najbardziej potrzebujesz.<\/p><\/div><\/div>\t\t<\/div>\n\t\t\t\t<\/div>\n\t\t\t\t\t<\/div>\n\t\t<\/div>\n\t\t\t\t<div class=\"elementor-column elementor-col-33 elementor-inner-column elementor-element elementor-element-8643347\" data-id=\"8643347\" data-element_type=\"column\">\n\t\t\t<div class=\"elementor-widget-wrap elementor-element-populated\">\n\t\t\t\t\t\t<div class=\"elementor-element elementor-element-9f5c7d3 elementor-position-top elementor-widget elementor-widget-image-box\" data-id=\"9f5c7d3\" data-element_type=\"widget\" data-widget_type=\"image-box.default\">\n\t\t\t\t<div class=\"elementor-widget-container\">\n\t\t\t<div class=\"elementor-image-box-wrapper\"><figure class=\"elementor-image-box-img\"><a href=\"https:\/\/bolew.ski\/?page_id=221\" tabindex=\"-1\"><img decoding=\"async\" width=\"300\" height=\"283\" src=\"https:\/\/bolew.ski\/wp-content\/uploads\/2025\/06\/monitoring-300x283.png\" class=\"attachment-medium size-medium wp-image-344\" alt=\"\" srcset=\"https:\/\/bolew.ski\/wp-content\/uploads\/2025\/06\/monitoring-300x283.png 300w, https:\/\/bolew.ski\/wp-content\/uploads\/2025\/06\/monitoring-155x146.png 155w, https:\/\/bolew.ski\/wp-content\/uploads\/2025\/06\/monitoring-50x47.png 50w, https:\/\/bolew.ski\/wp-content\/uploads\/2025\/06\/monitoring-79x75.png 79w, https:\/\/bolew.ski\/wp-content\/uploads\/2025\/06\/monitoring.png 683w\" sizes=\"(max-width: 300px) 100vw, 300px\" \/><\/a><\/figure><div class=\"elementor-image-box-content\"><h3 class=\"elementor-image-box-title\"><a href=\"https:\/\/bolew.ski\/?page_id=221\">Bezpiecze\u0144stwo i Monitoring<\/a><\/h3><p class=\"elementor-image-box-description\">Zaprojektuj\u0119 i zainstaluj\u0119 system kamer, kt\u00f3ry da Ci spok\u00f3j ducha i pe\u0142n\u0105 kontrol\u0119.<\/p><\/div><\/div>\t\t<\/div>\n\t\t\t\t<\/div>\n\t\t\t\t\t<\/div>\n\t\t<\/div>\n\t\t\t\t<div class=\"elementor-column elementor-col-33 elementor-inner-column elementor-element elementor-element-f92a316\" data-id=\"f92a316\" data-element_type=\"column\">\n\t\t\t<div class=\"elementor-widget-wrap elementor-element-populated\">\n\t\t\t\t\t\t<div class=\"elementor-element elementor-element-183af3e elementor-position-top elementor-widget elementor-widget-image-box\" data-id=\"183af3e\" data-element_type=\"widget\" data-widget_type=\"image-box.default\">\n\t\t\t\t<div class=\"elementor-widget-container\">\n\t\t\t<div class=\"elementor-image-box-wrapper\"><figure class=\"elementor-image-box-img\"><a href=\"https:\/\/bolew.ski\/?page_id=179\" tabindex=\"-1\"><img decoding=\"async\" width=\"300\" height=\"283\" src=\"https:\/\/bolew.ski\/wp-content\/uploads\/2025\/06\/reklama-300x283.png\" class=\"attachment-medium size-medium wp-image-343\" alt=\"\" srcset=\"https:\/\/bolew.ski\/wp-content\/uploads\/2025\/06\/reklama-300x283.png 300w, https:\/\/bolew.ski\/wp-content\/uploads\/2025\/06\/reklama-155x146.png 155w, https:\/\/bolew.ski\/wp-content\/uploads\/2025\/06\/reklama-50x47.png 50w, https:\/\/bolew.ski\/wp-content\/uploads\/2025\/06\/reklama-79x75.png 79w, https:\/\/bolew.ski\/wp-content\/uploads\/2025\/06\/reklama.png 683w\" sizes=\"(max-width: 300px) 100vw, 300px\" \/><\/a><\/figure><div class=\"elementor-image-box-content\"><h3 class=\"elementor-image-box-title\"><a href=\"https:\/\/bolew.ski\/?page_id=179\">Wizerunek i Reklama w Sieci<\/a><\/h3><p class=\"elementor-image-box-description\">Od logo, przez projekty graficzne, po nowoczesne strony WWW, kt\u00f3re przyci\u0105gaj\u0105 klient\u00f3w.<\/p><\/div><\/div>\t\t<\/div>\n\t\t\t\t<\/div>\n\t\t\t\t\t<\/div>\n\t\t<\/div>\n\t\t\t\t\t<\/div>\n\t\t<\/section>\n\t\t\t\t\t<\/div>\n\t\t<\/div>\n\t\t\t\t<div class=\"elementor-column elementor-col-50 elementor-top-column elementor-element elementor-element-7e2852c\" data-id=\"7e2852c\" data-element_type=\"column\">\n\t\t\t<div class=\"elementor-widget-wrap elementor-element-populated\">\n\t\t\t\t\t\t<div class=\"elementor-element elementor-element-6e5050a elementor-widget elementor-widget-html\" data-id=\"6e5050a\" data-element_type=\"widget\" data-widget_type=\"html.default\">\n\t\t\t\t<div class=\"elementor-widget-container\">\n\t\t\t<style>\n  #hero-chat-container {\n    height: 70vh; min-height: 550px; width: 100%; border-radius: 12px;\n    overflow: hidden; border: 1px solid #e0e0e0; margin: 2rem 0;\n    box-shadow: 0 5px 20px rgba(0,0,0,0.08);\n    background: rgba(255, 255, 255, 0.1); \/* P\u00f3\u0142przezroczyste bia\u0142e t\u0142o *\/\n  backdrop-filter: blur(10px); \/* Efekt rozmycia t\u0142a pod spodem *\/\n  -webkit-backdrop-filter: blur(10px); \/* Wsparcie dla Safari *\/\n  border: 1px solid rgba(255, 255, 255, 0.2); \/* Delikatna, jasna ramka *\/\n  }\n<\/style>\n<div id=\"hero-chat-container\"><\/div>\t\t<\/div>\n\t\t\t\t<\/div>\n\t\t\t\t\t<\/div>\n\t\t<\/div>\n\t\t\t\t\t<\/div>\n\t\t<\/section>\n\t\t\t\t<\/div>\n\t\t","protected":false},"excerpt":{"rendered":"<p>Twoje IT w dobrych r\u0119kach. Porozmawiajmy! Nie tra\u0107 czasu na szukanie informacji. M\u00f3j inteligentny asystent AI jest dost\u0119pny 24\/7, aby odpowiedzie\u0107 na Twoje pytania, przeprowadzi\u0107 wst\u0119pn\u0105<span class=\"excerpt-hellip\"> [\u2026]<\/span><\/p>\n","protected":false},"author":1,"featured_media":0,"parent":0,"menu_order":0,"comment_status":"closed","ping_status":"closed","template":"elementor_canvas","meta":{"footnotes":""},"class_list":["post-309","page","type-page","status-publish","hentry"],"jetpack_sharing_enabled":true,"_links":{"self":[{"href":"https:\/\/bolew.ski\/index.php?rest_route=\/wp\/v2\/pages\/309","targetHints":{"allow":["GET"]}}],"collection":[{"href":"https:\/\/bolew.ski\/index.php?rest_route=\/wp\/v2\/pages"}],"about":[{"href":"https:\/\/bolew.ski\/index.php?rest_route=\/wp\/v2\/types\/page"}],"author":[{"embeddable":true,"href":"https:\/\/bolew.ski\/index.php?rest_route=\/wp\/v2\/users\/1"}],"replies":[{"embeddable":true,"href":"https:\/\/bolew.ski\/index.php?rest_route=%2Fwp%2Fv2%2Fcomments&post=309"}],"version-history":[{"count":91,"href":"https:\/\/bolew.ski\/index.php?rest_route=\/wp\/v2\/pages\/309\/revisions"}],"predecessor-version":[{"id":412,"href":"https:\/\/bolew.ski\/index.php?rest_route=\/wp\/v2\/pages\/309\/revisions\/412"}],"wp:attachment":[{"href":"https:\/\/bolew.ski\/index.php?rest_route=%2Fwp%2Fv2%2Fmedia&parent=309"}],"curies":[{"name":"wp","href":"https:\/\/api.w.org\/{rel}","templated":true}]}}